{"id":13,"date":"2024-01-15T15:08:26","date_gmt":"2024-01-15T14:08:26","guid":{"rendered":"https:\/\/www.pavilonok.eu\/?page_id=13"},"modified":"2024-03-13T18:48:30","modified_gmt":"2024-03-13T17:48:30","slug":"araink","status":"publish","type":"page","link":"https:\/\/www.pavilonok.eu\/?page_id=13","title":{"rendered":"\u00e1rainkr\u00f3l"},"content":{"rendered":"\n<p class=\"has-text-align-center has-x-large-font-size\"><\/p>\n\n\n\n<p class=\"has-text-align-center has-x-large-font-size\"><\/p>\n\n\n\n<p class=\"has-text-align-center has-medium-font-size\"><em><strong><mark style=\"background-color:rgba(0, 0, 0, 0);color:#b89163\" class=\"has-inline-color\">Mivel az akci\u00f3k f\u00fcl alatt szerepl\u0151k\u00f6n k\u00edv\u00fcl minden \u00e9p\u00fclet\u00fcnk egyedi elk\u00e9pzel\u00e9s szerint, k\u00edv\u00e1nt m\u00e9retben k\u00e9sz\u00fcl, valamint az anyag\u00e1rak alakul\u00e1sa is kisz\u00e1m\u00edthatatlan, konkr\u00e9t \u00e1rlist\u00e1nk nincs, de az al\u00e1bbi egyszer\u0171 \u0171rlap kit\u00f6lt\u00e9se ut\u00e1n, hamarosan r\u00e9szletes \u00e1raj\u00e1nlatot k\u00fcld\u00fcnk.<\/mark><\/strong><\/em><\/p>\n\n\n\n<figure class=\"wp-block-table\"><table><tbody><tr><td><style id=\"wpforms-css-vars-15\">\n\t\t\t\t#wpforms-15 {\n\t\t\t\t\n\t\t\t}\n\t\t\t<\/style><div class=\"wpforms-container wpforms-container-full wpf-custom-background wpforms-render-modern\" id=\"wpforms-15\"><form id=\"wpforms-form-15\" class=\"wpforms-validate wpforms-form wpforms-ajax-form\" data-formid=\"15\" method=\"post\" enctype=\"multipart\/form-data\" action=\"\/index.php?rest_route=%2Fwp%2Fv2%2Fpages%2F13\" data-token=\"c390873095da6058f8c88b5613bc0695\" data-token-time=\"1778997189\"><noscript class=\"wpforms-error-noscript\">Please enable JavaScript in your browser to complete this form.<\/noscript><div id=\"wpforms-error-noscript\" style=\"display: none;\">Please enable JavaScript in your browser to complete this form.<\/div><div class=\"wpforms-field-container\"><div id=\"wpforms-15-field_1-container\" class=\"wpforms-field wpforms-field-name\" data-field-id=\"1\"><label class=\"wpforms-field-label\" for=\"wpforms-15-field_1\">*  N\u00e9v <span class=\"wpforms-required-label\" aria-hidden=\"true\">*<\/span><\/label><input type=\"text\" id=\"wpforms-15-field_1\" class=\"wpforms-field-large wpforms-field-required\" name=\"wpforms[fields][1]\" aria-errormessage=\"wpforms-15-field_1-error\" required><\/div><div id=\"wpforms-15-field_3-container\" class=\"wpforms-field wpforms-field-email\" data-field-id=\"3\"><label class=\"wpforms-field-label\" for=\"wpforms-15-field_3\">*  E-mail c\u00edm <span class=\"wpforms-required-label\" aria-hidden=\"true\">*<\/span><\/label><input type=\"email\" id=\"wpforms-15-field_3\" class=\"wpforms-field-large wpforms-field-required\" name=\"wpforms[fields][3]\" spellcheck=\"false\" aria-errormessage=\"wpforms-15-field_3-error\" required><\/div><div id=\"wpforms-15-field_33-container\" class=\"wpforms-field wpforms-field-text\" data-field-id=\"33\"><label class=\"wpforms-field-label\" for=\"wpforms-15-field_33\">*  Telefonsz\u00e1m<\/label><input type=\"text\" id=\"wpforms-15-field_33\" class=\"wpforms-field-medium\" name=\"wpforms[fields][33]\" aria-errormessage=\"wpforms-15-field_33-error\" ><\/div><div id=\"wpforms-15-field_7-container\" class=\"wpforms-field wpforms-field-text\" data-field-id=\"7\"><label class=\"wpforms-field-label\" for=\"wpforms-15-field_7\">*  \u00c9p\u00fclet \u00f6ssze\u00e1ll\u00edt\u00e1s\u00e1nak a c\u00edme (legal\u00e1bb a telep\u00fcl\u00e9s) : <span class=\"wpforms-required-label\" aria-hidden=\"true\">*<\/span><\/label><input type=\"text\" id=\"wpforms-15-field_7\" class=\"wpforms-field-large wpforms-field-required\" name=\"wpforms[fields][7]\" aria-errormessage=\"wpforms-15-field_7-error\" required><\/div><div id=\"wpforms-15-field_6-container\" class=\"wpforms-field wpforms-field-select wpforms-field-select-style-classic\" data-field-id=\"6\"><label class=\"wpforms-field-label\" for=\"wpforms-15-field_6\">*  \u00c9p\u00fclet t\u00edpusa <span class=\"wpforms-required-label\" aria-hidden=\"true\">*<\/span><\/label><select id=\"wpforms-15-field_6\" class=\"wpforms-field-large wpforms-field-required\" name=\"wpforms[fields][6]\" required=\"required\"><option value=\"\" class=\"placeholder\" disabled  selected='selected'>K\u00e9rem v\u00e1lasszon! (K\u00f6telez\u0151 mez\u0151)<\/option><option value=\"- Hatsz\u00f6glet\u0171 pavilon\"  class=\"choice-1 depth-1\"  >- Hatsz\u00f6glet\u0171 pavilon<\/option><option value=\"- Nyolcsz\u00f6glet\u0171 pavilon\"  class=\"choice-2 depth-1\"  >- Nyolcsz\u00f6glet\u0171 pavilon<\/option><option value=\"- N\u00e9gysz\u00f6glet\u0171 pavilon\"  class=\"choice-3 depth-1\"  >- N\u00e9gysz\u00f6glet\u0171 pavilon<\/option><option value=\"- Szersz\u00e1mt\u00e1rol\u00f3\"  class=\"choice-4 depth-1\"  >- Szersz\u00e1mt\u00e1rol\u00f3<\/option><option value=\"- Gar\u00e1zs\"  class=\"choice-5 depth-1\"  >- Gar\u00e1zs<\/option><option value=\"- Kocsibe\u00e1ll\u00f3\"  class=\"choice-6 depth-1\"  >- Kocsibe\u00e1ll\u00f3<\/option><option value=\"- Teraszfed\u00e9s\"  class=\"choice-7 depth-1\"  >- Teraszfed\u00e9s<\/option><option value=\"- Egy\u00e9b\"  class=\"choice-8 depth-1\"  >- Egy\u00e9b<\/option><\/select><\/div><div id=\"wpforms-15-field_9-container\" class=\"wpforms-field wpforms-field-text\" data-field-id=\"9\"><label class=\"wpforms-field-label\" for=\"wpforms-15-field_9\">*  M\u00e9retek megad\u00e1sa<\/label><input type=\"text\" id=\"wpforms-15-field_9\" class=\"wpforms-field-large\" name=\"wpforms[fields][9]\" aria-errormessage=\"wpforms-15-field_9-error\" ><\/div><div id=\"wpforms-15-field_15-container\" class=\"wpforms-field wpforms-field-select wpforms-field-select-style-classic\" data-field-id=\"15\"><label class=\"wpforms-field-label\" for=\"wpforms-15-field_15\">*  Fel\u00fcletkezel\u00e9s<\/label><select id=\"wpforms-15-field_15\" class=\"wpforms-field-large\" name=\"wpforms[fields][15]\"><option value=\"\" class=\"placeholder\" disabled  selected='selected'>K\u00e9rem v\u00e1lasszon!<\/option><option value=\"- Nat\u00far, fest\u00e9sre el\u0151k\u00e9sz\u00edtett csiszolt fel\u00fclet\"  class=\"choice-1 depth-1\"  >- Nat\u00far, fest\u00e9sre el\u0151k\u00e9sz\u00edtett csiszolt fel\u00fclet<\/option><option value=\"- Impregn\u00e1l\u00f3 alapoz\u00f3 kezel\u00e9s\"  class=\"choice-3 depth-1\"  >- Impregn\u00e1l\u00f3 alapoz\u00f3 kezel\u00e9s<\/option><option value=\"- Teljes fel\u00fcletkezel\u00e9s k\u00edv\u00e1nt sz\u00ednben\"  class=\"choice-4 depth-1\"  >- Teljes fel\u00fcletkezel\u00e9s k\u00edv\u00e1nt sz\u00ednben<\/option><option value=\"- Mindegyikre k\u00e9rek aj\u00e1nlatot\"  class=\"choice-5 depth-1\"  >- Mindegyikre k\u00e9rek aj\u00e1nlatot<\/option><\/select><\/div><div id=\"wpforms-15-field_14-container\" class=\"wpforms-field wpforms-field-textarea\" data-field-id=\"14\"><label class=\"wpforms-field-label\" for=\"wpforms-15-field_14\">*  Egy\u00e9b r\u00e9szletek (kieg\u00e9sz\u00edt\u0151k, stb.):<\/label><textarea id=\"wpforms-15-field_14\" class=\"wpforms-field-medium\" name=\"wpforms[fields][14]\" aria-errormessage=\"wpforms-15-field_14-error\" aria-describedby=\"wpforms-15-field_14-description\" ><\/textarea><div id=\"wpforms-15-field_14-description\" class=\"wpforms-field-description\">Esetleges berendez\u00e9s, korl\u00e1tok, r\u00e1csok, ny\u00edl\u00e1sz\u00e1r\u00f3k, speci\u00e1lis tet\u0151fed\u00e9s, stb.<\/div><\/div><div id=\"wpforms-15-field_34-container\" class=\"wpforms-field wpforms-field-checkbox\" data-field-id=\"34\"><fieldset><legend class=\"wpforms-field-label wpforms-label-hide\" aria-hidden=\"false\">   Adatv\u00e9delem <span class=\"wpforms-required-label\" aria-hidden=\"true\">*<\/span><\/legend><ul id=\"wpforms-15-field_34\" class=\"wpforms-field-required\"><li class=\"choice-1 depth-1\"><input type=\"checkbox\" id=\"wpforms-15-field_34_1\" name=\"wpforms[fields][34][]\" value=\"Az &quot;Adatkezel\u00e9si T\u00e1j\u00e9koztat\u00f3&quot; tartalm\u00e1t megismertem \u00e9s az abban foglaltakat elfogadom.\" aria-errormessage=\"wpforms-15-field_34_1-error\" required ><label class=\"wpforms-field-label-inline\" for=\"wpforms-15-field_34_1\">Az \"Adatkezel\u00e9si T\u00e1j\u00e9koztat\u00f3\" tartalm\u00e1t megismertem \u00e9s az abban foglaltakat elfogadom.<\/label><\/li><\/ul><\/fieldset><\/div><\/div><!-- .wpforms-field-container --><div class=\"wpforms-submit-container\" ><input type=\"hidden\" name=\"wpforms[id]\" value=\"15\"><input type=\"hidden\" name=\"page_title\" value=\"\"><input type=\"hidden\" name=\"page_url\" value=\"https:\/\/www.pavilonok.eu\/index.php?rest_route=\/wp\/v2\/pages\/13\"><input type=\"hidden\" name=\"url_referer\" value=\"\"><button type=\"submit\" name=\"wpforms[submit]\" id=\"wpforms-submit-15\" class=\"wpforms-submit\" data-alt-text=\"K\u00fcld\u00e9s folyamatban...\" data-submit-text=\"* K\u00dcLD\u00c9S *\" aria-live=\"assertive\" value=\"wpforms-submit\">* K\u00dcLD\u00c9S *<\/button><img loading=\"lazy\" decoding=\"async\" src=\"https:\/\/www.pavilonok.eu\/wp-content\/plugins\/wpforms-lite\/assets\/images\/submit-spin.svg\" class=\"wpforms-submit-spinner\" style=\"display: none;\" width=\"26\" height=\"26\" alt=\"Loading\"><\/div><\/form><\/div>  <!-- .wpforms-container --><\/td><\/tr><\/tbody><\/table><figcaption class=\"wp-element-caption\">  \/   <strong><a href=\"https:\/\/www.pavilonok.eu\/?page_id=360\" target=\"_blank\" rel=\"noreferrer noopener\">Adatkezel\u00e9si T\u00e1j\u00e9koztat\u00f3<\/a>    \/<\/strong><\/figcaption><\/figure>\n\n\n\n<p><\/p>\n<p>Views: 218<\/p>","protected":false},"excerpt":{"rendered":"<p>Mivel az akci\u00f3k f\u00fcl alatt szerepl\u0151k\u00f6n k\u00edv\u00fcl minden \u00e9p\u00fclet\u00fcnk egyedi elk\u00e9pzel\u00e9s szerint, k\u00edv\u00e1nt m\u00e9retben k\u00e9sz\u00fcl, valamint az anyag\u00e1rak alakul\u00e1sa is kisz\u00e1m\u00edthatatlan, konkr\u00e9t \u00e1rlist\u00e1nk nincs, de az al\u00e1bbi egyszer\u0171 \u0171rlap kit\u00f6lt\u00e9se ut\u00e1n, hamarosan r\u00e9szletes \u00e1raj\u00e1nlatot k\u00fcld\u00fcnk. \/ Adatkezel\u00e9si T\u00e1j\u00e9koztat\u00f3 \/ Views: 218<\/p>\n","protected":false},"author":1,"featured_media":0,"parent":0,"menu_order":0,"comment_status":"closed","ping_status":"closed","template":"","meta":{"_monsterinsights_skip_tracking":false,"_monsterinsights_sitenote_active":false,"_monsterinsights_sitenote_note":"","_monsterinsights_sitenote_category":0,"_uf_show_specific_survey":0,"_uf_disable_surveys":false,"footnotes":""},"class_list":["post-13","page","type-page","status-publish","hentry"],"yoast_head":"<!-- This site is optimized with the Yoast SEO plugin v26.4 - https:\/\/yoast.com\/wordpress\/plugins\/seo\/ -->\n<title>\u00e1rainkr\u00f3l - Kerti Pavilonok<\/title>\n<meta name=\"robots\" content=\"index, follow, max-snippet:-1, max-image-preview:large, max-video-preview:-1\" \/>\n<link rel=\"canonical\" href=\"https:\/\/www.pavilonok.eu\/?page_id=13\" \/>\n<meta property=\"og:locale\" content=\"hu_HU\" \/>\n<meta property=\"og:type\" content=\"article\" \/>\n<meta property=\"og:title\" content=\"\u00e1rainkr\u00f3l - Kerti Pavilonok\" \/>\n<meta property=\"og:description\" content=\"Mivel az akci\u00f3k f\u00fcl alatt szerepl\u0151k\u00f6n k\u00edv\u00fcl minden \u00e9p\u00fclet\u00fcnk egyedi elk\u00e9pzel\u00e9s szerint, k\u00edv\u00e1nt m\u00e9retben k\u00e9sz\u00fcl, valamint az anyag\u00e1rak alakul\u00e1sa is kisz\u00e1m\u00edthatatlan, konkr\u00e9t \u00e1rlist\u00e1nk nincs, de az al\u00e1bbi egyszer\u0171 \u0171rlap kit\u00f6lt\u00e9se ut\u00e1n, hamarosan r\u00e9szletes \u00e1raj\u00e1nlatot k\u00fcld\u00fcnk. \/ Adatkezel\u00e9si T\u00e1j\u00e9koztat\u00f3 \/ Views: 218\" \/>\n<meta property=\"og:url\" content=\"https:\/\/www.pavilonok.eu\/?page_id=13\" \/>\n<meta property=\"og:site_name\" content=\"Kerti Pavilonok\" \/>\n<meta property=\"article:modified_time\" content=\"2024-03-13T17:48:30+00:00\" \/>\n<meta name=\"twitter:card\" content=\"summary_large_image\" \/>\n<meta name=\"twitter:label1\" content=\"Becs\u00fclt olvas\u00e1si id\u0151\" \/>\n\t<meta name=\"twitter:data1\" content=\"1 perc\" \/>\n<script type=\"application\/ld+json\" class=\"yoast-schema-graph\">{\"@context\":\"https:\/\/schema.org\",\"@graph\":[{\"@type\":\"WebPage\",\"@id\":\"https:\/\/www.pavilonok.eu\/?page_id=13\",\"url\":\"https:\/\/www.pavilonok.eu\/?page_id=13\",\"name\":\"\u00e1rainkr\u00f3l - Kerti Pavilonok\",\"isPartOf\":{\"@id\":\"https:\/\/www.pavilonok.eu\/#website\"},\"datePublished\":\"2024-01-15T14:08:26+00:00\",\"dateModified\":\"2024-03-13T17:48:30+00:00\",\"breadcrumb\":{\"@id\":\"https:\/\/www.pavilonok.eu\/?page_id=13#breadcrumb\"},\"inLanguage\":\"hu\",\"potentialAction\":[{\"@type\":\"ReadAction\",\"target\":[\"https:\/\/www.pavilonok.eu\/?page_id=13\"]}]},{\"@type\":\"BreadcrumbList\",\"@id\":\"https:\/\/www.pavilonok.eu\/?page_id=13#breadcrumb\",\"itemListElement\":[{\"@type\":\"ListItem\",\"position\":1,\"name\":\"Kerti Pavilonok\",\"item\":\"https:\/\/www.pavilonok.eu\/\"},{\"@type\":\"ListItem\",\"position\":2,\"name\":\"\u00e1rainkr\u00f3l\"}]},{\"@type\":\"WebSite\",\"@id\":\"https:\/\/www.pavilonok.eu\/#website\",\"url\":\"https:\/\/www.pavilonok.eu\/\",\"name\":\"Kerti Pavilonok\",\"description\":\"\",\"potentialAction\":[{\"@type\":\"SearchAction\",\"target\":{\"@type\":\"EntryPoint\",\"urlTemplate\":\"https:\/\/www.pavilonok.eu\/?s={search_term_string}\"},\"query-input\":{\"@type\":\"PropertyValueSpecification\",\"valueRequired\":true,\"valueName\":\"search_term_string\"}}],\"inLanguage\":\"hu\"}]}<\/script>\n<!-- \/ Yoast SEO plugin. -->","yoast_head_json":{"title":"\u00e1rainkr\u00f3l - Kerti Pavilonok","robots":{"index":"index","follow":"follow","max-snippet":"max-snippet:-1","max-image-preview":"max-image-preview:large","max-video-preview":"max-video-preview:-1"},"canonical":"https:\/\/www.pavilonok.eu\/?page_id=13","og_locale":"hu_HU","og_type":"article","og_title":"\u00e1rainkr\u00f3l - Kerti Pavilonok","og_description":"Mivel az akci\u00f3k f\u00fcl alatt szerepl\u0151k\u00f6n k\u00edv\u00fcl minden \u00e9p\u00fclet\u00fcnk egyedi elk\u00e9pzel\u00e9s szerint, k\u00edv\u00e1nt m\u00e9retben k\u00e9sz\u00fcl, valamint az anyag\u00e1rak alakul\u00e1sa is kisz\u00e1m\u00edthatatlan, konkr\u00e9t \u00e1rlist\u00e1nk nincs, de az al\u00e1bbi egyszer\u0171 \u0171rlap kit\u00f6lt\u00e9se ut\u00e1n, hamarosan r\u00e9szletes \u00e1raj\u00e1nlatot k\u00fcld\u00fcnk. \/ Adatkezel\u00e9si T\u00e1j\u00e9koztat\u00f3 \/ Views: 218","og_url":"https:\/\/www.pavilonok.eu\/?page_id=13","og_site_name":"Kerti Pavilonok","article_modified_time":"2024-03-13T17:48:30+00:00","twitter_card":"summary_large_image","twitter_misc":{"Becs\u00fclt olvas\u00e1si id\u0151":"1 perc"},"schema":{"@context":"https:\/\/schema.org","@graph":[{"@type":"WebPage","@id":"https:\/\/www.pavilonok.eu\/?page_id=13","url":"https:\/\/www.pavilonok.eu\/?page_id=13","name":"\u00e1rainkr\u00f3l - Kerti Pavilonok","isPartOf":{"@id":"https:\/\/www.pavilonok.eu\/#website"},"datePublished":"2024-01-15T14:08:26+00:00","dateModified":"2024-03-13T17:48:30+00:00","breadcrumb":{"@id":"https:\/\/www.pavilonok.eu\/?page_id=13#breadcrumb"},"inLanguage":"hu","potentialAction":[{"@type":"ReadAction","target":["https:\/\/www.pavilonok.eu\/?page_id=13"]}]},{"@type":"BreadcrumbList","@id":"https:\/\/www.pavilonok.eu\/?page_id=13#breadcrumb","itemListElement":[{"@type":"ListItem","position":1,"name":"Kerti Pavilonok","item":"https:\/\/www.pavilonok.eu\/"},{"@type":"ListItem","position":2,"name":"\u00e1rainkr\u00f3l"}]},{"@type":"WebSite","@id":"https:\/\/www.pavilonok.eu\/#website","url":"https:\/\/www.pavilonok.eu\/","name":"Kerti Pavilonok","description":"","potentialAction":[{"@type":"SearchAction","target":{"@type":"EntryPoint","urlTemplate":"https:\/\/www.pavilonok.eu\/?s={search_term_string}"},"query-input":{"@type":"PropertyValueSpecification","valueRequired":true,"valueName":"search_term_string"}}],"inLanguage":"hu"}]}},"_links":{"self":[{"href":"https:\/\/www.pavilonok.eu\/index.php?rest_route=\/wp\/v2\/pages\/13","targetHints":{"allow":["GET"]}}],"collection":[{"href":"https:\/\/www.pavilonok.eu\/index.php?rest_route=\/wp\/v2\/pages"}],"about":[{"href":"https:\/\/www.pavilonok.eu\/index.php?rest_route=\/wp\/v2\/types\/page"}],"author":[{"embeddable":true,"href":"https:\/\/www.pavilonok.eu\/index.php?rest_route=\/wp\/v2\/users\/1"}],"replies":[{"embeddable":true,"href":"https:\/\/www.pavilonok.eu\/index.php?rest_route=%2Fwp%2Fv2%2Fcomments&post=13"}],"version-history":[{"count":5,"href":"https:\/\/www.pavilonok.eu\/index.php?rest_route=\/wp\/v2\/pages\/13\/revisions"}],"predecessor-version":[{"id":1402,"href":"https:\/\/www.pavilonok.eu\/index.php?rest_route=\/wp\/v2\/pages\/13\/revisions\/1402"}],"wp:attachment":[{"href":"https:\/\/www.pavilonok.eu\/index.php?rest_route=%2Fwp%2Fv2%2Fmedia&parent=13"}],"curies":[{"name":"wp","href":"https:\/\/api.w.org\/{rel}","templated":true}]}}