{"id":27,"date":"2024-01-15T15:34:07","date_gmt":"2024-01-15T14:34:07","guid":{"rendered":"https:\/\/www.pavilonok.eu\/?page_id=27"},"modified":"2024-04-25T12:42:07","modified_gmt":"2024-04-25T11:42:07","slug":"referenciak","status":"publish","type":"page","link":"https:\/\/www.pavilonok.eu\/?page_id=27","title":{"rendered":"Referenci\u00e1k"},"content":{"rendered":"\n<p><\/p>\n\n\n\n<p><\/p>\n\n\n<div class=\"wp-block-image\">\n<figure class=\"aligncenter size-full\"><img loading=\"lazy\" decoding=\"async\" width=\"924\" height=\"808\" src=\"https:\/\/www.pavilonok.eu\/wp-content\/uploads\/2024\/03\/refkepek.jpg\" alt=\"\" class=\"wp-image-1253\" srcset=\"https:\/\/www.pavilonok.eu\/wp-content\/uploads\/2024\/03\/refkepek.jpg 924w, https:\/\/www.pavilonok.eu\/wp-content\/uploads\/2024\/03\/refkepek-300x262.jpg 300w, https:\/\/www.pavilonok.eu\/wp-content\/uploads\/2024\/03\/refkepek-768x672.jpg 768w\" sizes=\"auto, (max-width: 924px) 100vw, 924px\" \/><\/figure><\/div>\n\n\n<h2 class=\"wp-block-heading has-text-align-center\">Tov\u00e1bb\u00e1 t\u00f6bbek k\u00f6z\u00f6tt :<\/h2>\n\n\n\n<p class=\"has-text-align-center\">-Egyes\u00edtett Eg\u00e9szs\u00e9g\u00fcgyi \u00e9s Szoci\u00e1lis Int\u00e9zm\u00e9ny, Gy\u0151r,<\/p>\n\n\n\n<p class=\"has-text-align-center\">-Nyugd\u00edjfoly\u00f3s\u00edt\u00f3 Igazgat\u00f3s\u00e1g B.P,<\/p>\n\n\n\n<p class=\"has-text-align-center\">-F\u0151v\u00e1rosi \u00d6nkorm\u00e1nyzat, Id\u0151sek Otthona,<\/p>\n\n\n\n<p class=\"has-text-align-center\">-Kist\u00e9rs\u00e9gi Ellen\u0151rz\u0151 K\u00f6zpont B.P.,<\/p>\n\n\n\n<p class=\"has-text-align-center\">-V\u00e1ros\u00fczemeltet\u0151 \u00e9s Fenntart\u00f3 Kft. Mosonmagyar\u00f3v\u00e1r,<\/p>\n\n\n\n<p class=\"has-text-align-center\">-Hegyeshalmi Vasutas Sporthorg\u00e1sz Egyes\u00fclet,<\/p>\n\n\n\n<p class=\"has-text-align-center\">-Fej\u00e9r Megyei Katasztr\u00f3fav\u00e9delmi Igazgat\u00f3s\u00e1g,<\/p>\n\n\n\n<p class=\"has-text-align-center\">-Hegyikrist\u00e1ly \u00d6ko-park kft.<\/p>\n\n\n\n<p class=\"has-text-align-center\">-B\u00e1bolai \u00d6nkorm\u00e1nyzat, f\u0151t\u00e9r,<\/p>\n\n\n\n<p class=\"has-text-align-center\">-Nemzeti K\u00f6zszolg\u00e1lati Egyetem BP.<\/p>\n\n\n\n<p class=\"has-text-align-center\">-Pusztavacs \u00c1ltal\u00e1nos Iskola<\/p>\n\n\n\n<p class=\"has-text-align-center\">-B\u00f3bita \u00d3voda Gy\u0151r-R\u00e9vfalu<\/p>\n\n\n\n<p class=\"has-text-align-center\">-Peter-Lacke kft. Sz\u00e9kesfeh\u00e9rv\u00e1r<\/p>\n\n\n\n<p class=\"has-text-align-center\">-3DHISTECH Ltd, Budapest<\/p>\n\n\n\n<p class=\"has-text-align-center\">-Domb\u00f3v\u00e1ri \u00c1ltal\u00e1nos Iskola<\/p>\n\n\n\n<p class=\"has-text-align-center\">-J\u00f3zsefv\u00e1rosi Szoci\u00e1lis Szolg\u00e1ltat\u00f3 \u00e9s Gyermekj\u00f3l\u00e9ti K\u00f6zpont<\/p>\n\n\n\n<p class=\"has-text-align-center\">-Hatvani Reform\u00e1tus Gy\u00fclekezet<\/p>\n\n\n\n<p class=\"has-text-align-center\">-EESZI Id\u0151sek Otthona K\u00e1l\u00f3czy t\u00e9r<\/p>\n\n\n\n<p class=\"has-text-align-center\">-H\u00f3dmez\u0151v\u00e1s\u00e1rhelyi \u00c9gb\u0151lpottyant Evang\u00e9likus \u00d3voda<\/p>\n\n\n\n<p class=\"has-text-align-center\">-Tulip\u00e1nos Gyermekek\u00e9rt Alap\u00edtv\u00e1ny, Sz\u00e9kesfeh\u00e9rv\u00e1r<\/p>\n\n\n\n<p class=\"has-text-align-center\">-R\u00e1baszentandr\u00e1s K\u00f6zs\u00e9g \u00d6nkorm\u00e1nyzata<\/p>\n\n\n\n<p class=\"has-text-align-center\">-Dalmand ZRT.<\/p>\n\n\n\n<p class=\"has-text-align-center\">-Bakonytam\u00e1si K\u00f6zs\u00e9g \u00d6nkorm\u00e1nyzata<\/p>\n\n\n\n<p class=\"has-text-align-center\">-Zalaegerszeg, Landorhegyi Id\u0151sek Klubja<\/p>\n\n\n\n<p class=\"has-text-align-center\">-Szoci\u00e1lis Klub, Zalaegerszeg<\/p>\n\n\n\n<p class=\"has-text-align-center\">-Borzav\u00e1r K\u00f6zs\u00e9g \u00d6nkorm\u00e1nyzata<\/p>\n\n\n\n<p class=\"has-text-align-center\">-T\u00f3f\u0171 K\u00f6zs\u00e9g park<\/p>\n\n\n\n<p class=\"has-text-align-center\">-Cir\u00f3ka B\u00f6lcs\u0151de, P\u00e1szt\u00f3<\/p>\n\n\n\n<p class=\"has-text-align-center\">-SOS Gyermekfalu Ororsh\u00e1za (5 db pavilon)<\/p>\n\n\n\n<p class=\"has-text-align-center\">-Gy\u0151r, Szent Anna Id\u0151sek Otthona<\/p>\n\n\n\n<p class=\"has-text-align-center\">-EEszi Ap\u00e1ca utcai Id\u0151sek Otthona<\/p>\n\n\n\n<p class=\"has-text-align-center\">-Otthon utcai Id\u0151sek Otthona, Gy\u0151r<\/p>\n\n\n\n<p class=\"has-text-align-center\">-Tiszamogyor\u00f3si Par\u00f3kia<\/p>\n\n\n\n<p class=\"has-text-align-center\">-M\u00e1ltai Szeretetszolg\u00e1lat Gy\u0151r<\/p>\n\n\n\n<p class=\"has-text-align-center\">-Patalom \u00f6nkorm\u00e1nyzat<\/p>\n\n\n\n<p class=\"has-text-align-center\">-Kispesti K\u00f3s K\u00e1roly \u00c1ltal\u00e1nos Iskola<\/p>\n\n\n\n<p class=\"has-text-align-center\">-TEK, Debrecen<\/p>\n\n\n\n<p class=\"has-text-align-center\">-TEK, Budapest, Labanc utca&nbsp;&nbsp;&nbsp;&nbsp;&nbsp;&nbsp;<\/p>\n\n\n\n<p class=\"has-text-align-center\">-NBH Budapest<\/p>\n\n\n\n<p class=\"has-text-align-center\">-Magyarat\u00e1d \u00f6nkorm<\/p>\n\n\n\n<p class=\"has-text-align-center\">-Kisk\u0151r\u00f6s, S\u00e1rk\u00e1ny J\u00f3zsef utcai id\u0151sek otthona<\/p>\n\n\n\n<p class=\"has-text-align-center\">-Somogyj\u00e1d \u00f6nkorm<\/p>\n\n\n\n<p class=\"has-text-align-center\">-Hidasn\u00e9meti, \u00c1ltal\u00e1nos Iskola<\/p>\n\n\n\n<p class=\"has-text-align-center\">-\u201eK\u00e9kvir\u00e1gos\u201d Ovis Gyermekek\u00e9rt Alap\u00edtv\u00e1ny Budapest<\/p>\n\n\n\n<p class=\"has-text-align-center\">-Kimle, \u00d6nkorm\u00e1nyzat<\/p>\n\n\n\n<p class=\"has-text-align-center\">-TI Automotive,Gy\u0151r<\/p>\n\n\n\n<p class=\"has-text-align-center\">-M\u00f3r, Katolikus Iskola<\/p>\n\n\n\n<p class=\"has-text-align-center\">-Asz\u00f3di Evang\u00e9likus Pet\u0151fi Gimn\u00e1zium<\/p>\n\n\n\n<p class=\"has-text-align-center\">-Csib\u00e9sz Csal\u00e1d- \u00e9s Gyermekj\u00f3l\u00e9ti K\u00f6zpont,Budapest<\/p>\n\n\n\n<p class=\"has-text-align-center\">-U-Flotta Kft. 2330. Dunaharaszti<\/p>\n\n\n\n<p class=\"has-text-align-center\">-Tatab\u00e1nyai Egyes\u00edtett B\u00f6lcs\u0151d\u00e9k<\/p>\n\n\n\n<h2 class=\"wp-block-heading has-text-align-center\">Partnereink<\/h2>\n\n\n<div class=\"wp-block-image\">\n<figure class=\"aligncenter size-full is-resized\"><a href=\"http:\/\/www.cziglerwood.hu\/\" target=\"_blank\" rel=\"noreferrer noopener\"><img loading=\"lazy\" decoding=\"async\" width=\"391\" height=\"111\" src=\"https:\/\/www.pavilonok.eu\/wp-content\/uploads\/2024\/04\/czigler.jpg\" alt=\"\" class=\"wp-image-1429\" style=\"width:369px;height:auto\" srcset=\"https:\/\/www.pavilonok.eu\/wp-content\/uploads\/2024\/04\/czigler.jpg 391w, https:\/\/www.pavilonok.eu\/wp-content\/uploads\/2024\/04\/czigler-300x85.jpg 300w\" sizes=\"auto, (max-width: 391px) 100vw, 391px\" \/><\/a><\/figure><\/div>\n\n\n<p><\/p>\n\n\n\n<p><\/p>\n\n\n\n<p><\/p>\n\n\n<div class=\"wp-block-image\">\n<figure class=\"aligncenter size-full is-resized\"><a href=\"https:\/\/www.horvathfestekhaz.hu\/\" target=\"_blank\" rel=\"noreferrer noopener\"><img loading=\"lazy\" decoding=\"async\" width=\"391\" height=\"111\" src=\"https:\/\/www.pavilonok.eu\/wp-content\/uploads\/2024\/04\/horvath.jpg\" alt=\"\" class=\"wp-image-1433\" style=\"width:367px;height:auto\" srcset=\"https:\/\/www.pavilonok.eu\/wp-content\/uploads\/2024\/04\/horvath.jpg 391w, https:\/\/www.pavilonok.eu\/wp-content\/uploads\/2024\/04\/horvath-300x85.jpg 300w\" sizes=\"auto, (max-width: 391px) 100vw, 391px\" \/><\/a><\/figure><\/div>\n\n\n<p><\/p>\n\n\n\n<p><\/p>\n\n\n\n<p><\/p>\n\n\n\n<p><\/p>\n\n\n<div class=\"wp-block-image\">\n<figure class=\"aligncenter size-full is-resized\"><a href=\"https:\/\/skandinavfa.hu\/\" target=\"_blank\" rel=\"noreferrer noopener\"><img loading=\"lazy\" decoding=\"async\" width=\"391\" height=\"120\" src=\"https:\/\/www.pavilonok.eu\/wp-content\/uploads\/2024\/04\/skandi-1.jpg\" alt=\"\" class=\"wp-image-1440\" style=\"width:367px;height:auto\" srcset=\"https:\/\/www.pavilonok.eu\/wp-content\/uploads\/2024\/04\/skandi-1.jpg 391w, https:\/\/www.pavilonok.eu\/wp-content\/uploads\/2024\/04\/skandi-1-300x92.jpg 300w\" sizes=\"auto, (max-width: 391px) 100vw, 391px\" \/><\/a><\/figure><\/div>\n\n\n<h2 class=\"wp-block-heading has-text-align-center\">Publik\u00e1ci\u00f3k<\/h2>\n\n\n<div class=\"wp-block-image is-style-default\">\n<figure data-wp-context=\"{&quot;imageId&quot;:&quot;69ef6984ad99b&quot;}\" data-wp-interactive=\"core\/image\" class=\"aligncenter size-full wp-lightbox-container\"><img loading=\"lazy\" decoding=\"async\" width=\"700\" height=\"1011\" data-wp-class--hide=\"state.isContentHidden\" data-wp-class--show=\"state.isContentVisible\" data-wp-init=\"callbacks.setButtonStyles\" data-wp-on-async--click=\"actions.showLightbox\" data-wp-on-async--load=\"callbacks.setButtonStyles\" data-wp-on-async-window--resize=\"callbacks.setButtonStyles\" src=\"https:\/\/www.pavilonok.eu\/wp-content\/uploads\/2024\/03\/publikaciokoz.jpg\" alt=\"Publik\u00e1ci\u00f3k\" class=\"wp-image-1259\" srcset=\"https:\/\/www.pavilonok.eu\/wp-content\/uploads\/2024\/03\/publikaciokoz.jpg 700w, https:\/\/www.pavilonok.eu\/wp-content\/uploads\/2024\/03\/publikaciokoz-208x300.jpg 208w\" sizes=\"auto, (max-width: 700px) 100vw, 700px\" \/><button\n\t\t\tclass=\"lightbox-trigger\"\n\t\t\ttype=\"button\"\n\t\t\taria-haspopup=\"dialog\"\n\t\t\taria-label=\"Nagy\u00edt\u00e1s\"\n\t\t\tdata-wp-init=\"callbacks.initTriggerButton\"\n\t\t\tdata-wp-on-async--click=\"actions.showLightbox\"\n\t\t\tdata-wp-style--right=\"state.imageButtonRight\"\n\t\t\tdata-wp-style--top=\"state.imageButtonTop\"\n\t\t>\n\t\t\t<svg xmlns=\"http:\/\/www.w3.org\/2000\/svg\" width=\"12\" height=\"12\" fill=\"none\" viewBox=\"0 0 12 12\">\n\t\t\t\t<path fill=\"#fff\" d=\"M2 0a2 2 0 0 0-2 2v2h1.5V2a.5.5 0 0 1 .5-.5h2V0H2Zm2 10.5H2a.5.5 0 0 1-.5-.5V8H0v2a2 2 0 0 0 2 2h2v-1.5ZM8 12v-1.5h2a.5.5 0 0 0 .5-.5V8H12v2a2 2 0 0 1-2 2H8Zm2-12a2 2 0 0 1 2 2v2h-1.5V2a.5.5 0 0 0-.5-.5H8V0h2Z\" \/>\n\t\t\t<\/svg>\n\t\t<\/button><\/figure><\/div>\n\n\n<p><\/p>\n\n\n<div class=\"wp-block-image is-style-rounded\">\n<figure class=\"aligncenter size-full is-resized\"><img loading=\"lazy\" decoding=\"async\" width=\"459\" height=\"443\" src=\"https:\/\/www.pavilonok.eu\/wp-content\/uploads\/2024\/03\/light_wood_background_hd_wooden1qq.jpg\" alt=\"www.pavilonok.eu\" class=\"wp-image-1411\" style=\"width:170px;height:auto\" srcset=\"https:\/\/www.pavilonok.eu\/wp-content\/uploads\/2024\/03\/light_wood_background_hd_wooden1qq.jpg 459w, https:\/\/www.pavilonok.eu\/wp-content\/uploads\/2024\/03\/light_wood_background_hd_wooden1qq-300x290.jpg 300w\" sizes=\"auto, (max-width: 459px) 100vw, 459px\" \/><\/figure><\/div><p>Views: 50<\/p>","protected":false},"excerpt":{"rendered":"<p>Tov\u00e1bb\u00e1 t\u00f6bbek k\u00f6z\u00f6tt : -Egyes\u00edtett Eg\u00e9szs\u00e9g\u00fcgyi \u00e9s Szoci\u00e1lis Int\u00e9zm\u00e9ny, Gy\u0151r, -Nyugd\u00edjfoly\u00f3s\u00edt\u00f3 Igazgat\u00f3s\u00e1g B.P, -F\u0151v\u00e1rosi \u00d6nkorm\u00e1nyzat, Id\u0151sek Otthona, -Kist\u00e9rs\u00e9gi Ellen\u0151rz\u0151 K\u00f6zpont B.P., -V\u00e1ros\u00fczemeltet\u0151 \u00e9s Fenntart\u00f3 Kft. Mosonmagyar\u00f3v\u00e1r, -Hegyeshalmi Vasutas Sporthorg\u00e1sz Egyes\u00fclet, -Fej\u00e9r Megyei Katasztr\u00f3fav\u00e9delmi Igazgat\u00f3s\u00e1g, -Hegyikrist\u00e1ly \u00d6ko-park kft. -B\u00e1bolai \u00d6nkorm\u00e1nyzat, f\u0151t\u00e9r, -Nemzeti K\u00f6zszolg\u00e1lati Egyetem BP. -Pusztavacs \u00c1ltal\u00e1nos Iskola -B\u00f3bita \u00d3voda Gy\u0151r-R\u00e9vfalu -Peter-Lacke kft. Sz\u00e9kesfeh\u00e9rv\u00e1r -3DHISTECH Ltd, Budapest -Domb\u00f3v\u00e1ri \u00c1ltal\u00e1nos Iskola -J\u00f3zsefv\u00e1rosi Szoci\u00e1lis Szolg\u00e1ltat\u00f3 \u00e9s Gyermekj\u00f3l\u00e9ti K\u00f6zpont -Hatvani Reform\u00e1tus Gy\u00fclekezet -EESZI Id\u0151sek Otthona K\u00e1l\u00f3czy t\u00e9r -H\u00f3dmez\u0151v\u00e1s\u00e1rhelyi \u00c9gb\u0151lpottyant Evang\u00e9likus \u00d3voda -Tulip\u00e1nos Gyermekek\u00e9rt Alap\u00edtv\u00e1ny, Sz\u00e9kesfeh\u00e9rv\u00e1r -R\u00e1baszentandr\u00e1s K\u00f6zs\u00e9g \u00d6nkorm\u00e1nyzata -Dalmand ZRT. -Bakonytam\u00e1si K\u00f6zs\u00e9g \u00d6nkorm\u00e1nyzata -Zalaegerszeg, Landorhegyi Id\u0151sek Klubja -Szoci\u00e1lis Klub, Zalaegerszeg -Borzav\u00e1r K\u00f6zs\u00e9g \u00d6nkorm\u00e1nyzata -T\u00f3f\u0171 K\u00f6zs\u00e9g park -Cir\u00f3ka B\u00f6lcs\u0151de, P\u00e1szt\u00f3 -SOS Gyermekfalu Ororsh\u00e1za (5 db pavilon) -Gy\u0151r, Szent Anna Id\u0151sek Otthona -EEszi Ap\u00e1ca utcai Id\u0151sek Otthona -Otthon utcai Id\u0151sek Otthona, Gy\u0151r -Tiszamogyor\u00f3si Par\u00f3kia -M\u00e1ltai Szeretetszolg\u00e1lat Gy\u0151r -Patalom \u00f6nkorm\u00e1nyzat -Kispesti K\u00f3s K\u00e1roly \u00c1ltal\u00e1nos Iskola -TEK, Debrecen -TEK, Budapest, Labanc utca&nbsp;&nbsp;&nbsp;&nbsp;&nbsp;&nbsp; -NBH Budapest -Magyarat\u00e1d \u00f6nkorm -Kisk\u0151r\u00f6s, S\u00e1rk\u00e1ny J\u00f3zsef utcai id\u0151sek otthona -Somogyj\u00e1d \u00f6nkorm -Hidasn\u00e9meti, \u00c1ltal\u00e1nos Iskola -\u201eK\u00e9kvir\u00e1gos\u201d Ovis Gyermekek\u00e9rt Alap\u00edtv\u00e1ny Budapest -Kimle, \u00d6nkorm\u00e1nyzat -TI Automotive,Gy\u0151r -M\u00f3r, Katolikus Iskola -Asz\u00f3di Evang\u00e9likus Pet\u0151fi Gimn\u00e1zium -Csib\u00e9sz Csal\u00e1d- \u00e9s Gyermekj\u00f3l\u00e9ti K\u00f6zpont,Budapest -U-Flotta Kft. 2330. Dunaharaszti -Tatab\u00e1nyai Egyes\u00edtett B\u00f6lcs\u0151d\u00e9k Partnereink Publik\u00e1ci\u00f3k Views: 50<\/p>\n","protected":false},"author":1,"featured_media":0,"parent":0,"menu_order":0,"comment_status":"closed","ping_status":"closed","template":"","meta":{"_monsterinsights_skip_tracking":false,"_monsterinsights_sitenote_active":false,"_monsterinsights_sitenote_note":"","_monsterinsights_sitenote_category":0,"_uf_show_specific_survey":0,"_uf_disable_surveys":false,"footnotes":""},"class_list":["post-27","page","type-page","status-publish","hentry"],"yoast_head":"<!-- This site is optimized with the Yoast SEO plugin v26.4 - https:\/\/yoast.com\/wordpress\/plugins\/seo\/ -->\n<title>Referenci\u00e1k - Kerti Pavilonok<\/title>\n<meta name=\"robots\" content=\"index, follow, max-snippet:-1, max-image-preview:large, max-video-preview:-1\" \/>\n<link rel=\"canonical\" href=\"https:\/\/www.pavilonok.eu\/?page_id=27\" \/>\n<meta property=\"og:locale\" content=\"hu_HU\" \/>\n<meta property=\"og:type\" content=\"article\" \/>\n<meta property=\"og:title\" content=\"Referenci\u00e1k - Kerti Pavilonok\" \/>\n<meta property=\"og:description\" content=\"Tov\u00e1bb\u00e1 t\u00f6bbek k\u00f6z\u00f6tt : -Egyes\u00edtett Eg\u00e9szs\u00e9g\u00fcgyi \u00e9s Szoci\u00e1lis Int\u00e9zm\u00e9ny, Gy\u0151r, -Nyugd\u00edjfoly\u00f3s\u00edt\u00f3 Igazgat\u00f3s\u00e1g B.P, -F\u0151v\u00e1rosi \u00d6nkorm\u00e1nyzat, Id\u0151sek Otthona, -Kist\u00e9rs\u00e9gi Ellen\u0151rz\u0151 K\u00f6zpont B.P., -V\u00e1ros\u00fczemeltet\u0151 \u00e9s Fenntart\u00f3 Kft. Mosonmagyar\u00f3v\u00e1r, -Hegyeshalmi Vasutas Sporthorg\u00e1sz Egyes\u00fclet, -Fej\u00e9r Megyei Katasztr\u00f3fav\u00e9delmi Igazgat\u00f3s\u00e1g, -Hegyikrist\u00e1ly \u00d6ko-park kft. -B\u00e1bolai \u00d6nkorm\u00e1nyzat, f\u0151t\u00e9r, -Nemzeti K\u00f6zszolg\u00e1lati Egyetem BP. -Pusztavacs \u00c1ltal\u00e1nos Iskola -B\u00f3bita \u00d3voda Gy\u0151r-R\u00e9vfalu -Peter-Lacke kft. Sz\u00e9kesfeh\u00e9rv\u00e1r -3DHISTECH Ltd, Budapest -Domb\u00f3v\u00e1ri \u00c1ltal\u00e1nos Iskola -J\u00f3zsefv\u00e1rosi Szoci\u00e1lis Szolg\u00e1ltat\u00f3 \u00e9s Gyermekj\u00f3l\u00e9ti K\u00f6zpont -Hatvani Reform\u00e1tus Gy\u00fclekezet -EESZI Id\u0151sek Otthona K\u00e1l\u00f3czy t\u00e9r -H\u00f3dmez\u0151v\u00e1s\u00e1rhelyi \u00c9gb\u0151lpottyant Evang\u00e9likus \u00d3voda -Tulip\u00e1nos Gyermekek\u00e9rt Alap\u00edtv\u00e1ny, Sz\u00e9kesfeh\u00e9rv\u00e1r -R\u00e1baszentandr\u00e1s K\u00f6zs\u00e9g \u00d6nkorm\u00e1nyzata -Dalmand ZRT. -Bakonytam\u00e1si K\u00f6zs\u00e9g \u00d6nkorm\u00e1nyzata -Zalaegerszeg, Landorhegyi Id\u0151sek Klubja -Szoci\u00e1lis Klub, Zalaegerszeg -Borzav\u00e1r K\u00f6zs\u00e9g \u00d6nkorm\u00e1nyzata -T\u00f3f\u0171 K\u00f6zs\u00e9g park -Cir\u00f3ka B\u00f6lcs\u0151de, P\u00e1szt\u00f3 -SOS Gyermekfalu Ororsh\u00e1za (5 db pavilon) -Gy\u0151r, Szent Anna Id\u0151sek Otthona -EEszi Ap\u00e1ca utcai Id\u0151sek Otthona -Otthon utcai Id\u0151sek Otthona, Gy\u0151r -Tiszamogyor\u00f3si Par\u00f3kia -M\u00e1ltai Szeretetszolg\u00e1lat Gy\u0151r -Patalom \u00f6nkorm\u00e1nyzat -Kispesti K\u00f3s K\u00e1roly \u00c1ltal\u00e1nos Iskola -TEK, Debrecen -TEK, Budapest, Labanc utca&nbsp;&nbsp;&nbsp;&nbsp;&nbsp;&nbsp; -NBH Budapest -Magyarat\u00e1d \u00f6nkorm -Kisk\u0151r\u00f6s, S\u00e1rk\u00e1ny J\u00f3zsef utcai id\u0151sek otthona -Somogyj\u00e1d \u00f6nkorm -Hidasn\u00e9meti, \u00c1ltal\u00e1nos Iskola -\u201eK\u00e9kvir\u00e1gos\u201d Ovis Gyermekek\u00e9rt Alap\u00edtv\u00e1ny Budapest -Kimle, \u00d6nkorm\u00e1nyzat -TI Automotive,Gy\u0151r -M\u00f3r, Katolikus Iskola -Asz\u00f3di Evang\u00e9likus Pet\u0151fi Gimn\u00e1zium -Csib\u00e9sz Csal\u00e1d- \u00e9s Gyermekj\u00f3l\u00e9ti K\u00f6zpont,Budapest -U-Flotta Kft. 2330. Dunaharaszti -Tatab\u00e1nyai Egyes\u00edtett B\u00f6lcs\u0151d\u00e9k Partnereink Publik\u00e1ci\u00f3k Views: 50\" \/>\n<meta property=\"og:url\" content=\"https:\/\/www.pavilonok.eu\/?page_id=27\" \/>\n<meta property=\"og:site_name\" content=\"Kerti Pavilonok\" \/>\n<meta property=\"article:modified_time\" content=\"2024-04-25T11:42:07+00:00\" \/>\n<meta property=\"og:image\" content=\"https:\/\/www.pavilonok.eu\/wp-content\/uploads\/2024\/03\/refkepek.jpg\" \/>\n<meta name=\"twitter:card\" content=\"summary_large_image\" \/>\n<meta name=\"twitter:label1\" content=\"Becs\u00fclt olvas\u00e1si id\u0151\" \/>\n\t<meta name=\"twitter:data1\" content=\"3 perc\" \/>\n<script type=\"application\/ld+json\" class=\"yoast-schema-graph\">{\"@context\":\"https:\/\/schema.org\",\"@graph\":[{\"@type\":\"WebPage\",\"@id\":\"https:\/\/www.pavilonok.eu\/?page_id=27\",\"url\":\"https:\/\/www.pavilonok.eu\/?page_id=27\",\"name\":\"Referenci\u00e1k - Kerti Pavilonok\",\"isPartOf\":{\"@id\":\"https:\/\/www.pavilonok.eu\/#website\"},\"primaryImageOfPage\":{\"@id\":\"https:\/\/www.pavilonok.eu\/?page_id=27#primaryimage\"},\"image\":{\"@id\":\"https:\/\/www.pavilonok.eu\/?page_id=27#primaryimage\"},\"thumbnailUrl\":\"https:\/\/www.pavilonok.eu\/wp-content\/uploads\/2024\/03\/refkepek.jpg\",\"datePublished\":\"2024-01-15T14:34:07+00:00\",\"dateModified\":\"2024-04-25T11:42:07+00:00\",\"breadcrumb\":{\"@id\":\"https:\/\/www.pavilonok.eu\/?page_id=27#breadcrumb\"},\"inLanguage\":\"hu\",\"potentialAction\":[{\"@type\":\"ReadAction\",\"target\":[\"https:\/\/www.pavilonok.eu\/?page_id=27\"]}]},{\"@type\":\"ImageObject\",\"inLanguage\":\"hu\",\"@id\":\"https:\/\/www.pavilonok.eu\/?page_id=27#primaryimage\",\"url\":\"https:\/\/www.pavilonok.eu\/wp-content\/uploads\/2024\/03\/refkepek.jpg\",\"contentUrl\":\"https:\/\/www.pavilonok.eu\/wp-content\/uploads\/2024\/03\/refkepek.jpg\",\"width\":924,\"height\":808},{\"@type\":\"BreadcrumbList\",\"@id\":\"https:\/\/www.pavilonok.eu\/?page_id=27#breadcrumb\",\"itemListElement\":[{\"@type\":\"ListItem\",\"position\":1,\"name\":\"Kerti Pavilonok\",\"item\":\"https:\/\/www.pavilonok.eu\/\"},{\"@type\":\"ListItem\",\"position\":2,\"name\":\"Referenci\u00e1k\"}]},{\"@type\":\"WebSite\",\"@id\":\"https:\/\/www.pavilonok.eu\/#website\",\"url\":\"https:\/\/www.pavilonok.eu\/\",\"name\":\"Kerti Pavilonok\",\"description\":\"\",\"potentialAction\":[{\"@type\":\"SearchAction\",\"target\":{\"@type\":\"EntryPoint\",\"urlTemplate\":\"https:\/\/www.pavilonok.eu\/?s={search_term_string}\"},\"query-input\":{\"@type\":\"PropertyValueSpecification\",\"valueRequired\":true,\"valueName\":\"search_term_string\"}}],\"inLanguage\":\"hu\"}]}<\/script>\n<!-- \/ Yoast SEO plugin. -->","yoast_head_json":{"title":"Referenci\u00e1k - Kerti Pavilonok","robots":{"index":"index","follow":"follow","max-snippet":"max-snippet:-1","max-image-preview":"max-image-preview:large","max-video-preview":"max-video-preview:-1"},"canonical":"https:\/\/www.pavilonok.eu\/?page_id=27","og_locale":"hu_HU","og_type":"article","og_title":"Referenci\u00e1k - Kerti Pavilonok","og_description":"Tov\u00e1bb\u00e1 t\u00f6bbek k\u00f6z\u00f6tt : -Egyes\u00edtett Eg\u00e9szs\u00e9g\u00fcgyi \u00e9s Szoci\u00e1lis Int\u00e9zm\u00e9ny, Gy\u0151r, -Nyugd\u00edjfoly\u00f3s\u00edt\u00f3 Igazgat\u00f3s\u00e1g B.P, -F\u0151v\u00e1rosi \u00d6nkorm\u00e1nyzat, Id\u0151sek Otthona, -Kist\u00e9rs\u00e9gi Ellen\u0151rz\u0151 K\u00f6zpont B.P., -V\u00e1ros\u00fczemeltet\u0151 \u00e9s Fenntart\u00f3 Kft. Mosonmagyar\u00f3v\u00e1r, -Hegyeshalmi Vasutas Sporthorg\u00e1sz Egyes\u00fclet, -Fej\u00e9r Megyei Katasztr\u00f3fav\u00e9delmi Igazgat\u00f3s\u00e1g, -Hegyikrist\u00e1ly \u00d6ko-park kft. -B\u00e1bolai \u00d6nkorm\u00e1nyzat, f\u0151t\u00e9r, -Nemzeti K\u00f6zszolg\u00e1lati Egyetem BP. -Pusztavacs \u00c1ltal\u00e1nos Iskola -B\u00f3bita \u00d3voda Gy\u0151r-R\u00e9vfalu -Peter-Lacke kft. Sz\u00e9kesfeh\u00e9rv\u00e1r -3DHISTECH Ltd, Budapest -Domb\u00f3v\u00e1ri \u00c1ltal\u00e1nos Iskola -J\u00f3zsefv\u00e1rosi Szoci\u00e1lis Szolg\u00e1ltat\u00f3 \u00e9s Gyermekj\u00f3l\u00e9ti K\u00f6zpont -Hatvani Reform\u00e1tus Gy\u00fclekezet -EESZI Id\u0151sek Otthona K\u00e1l\u00f3czy t\u00e9r -H\u00f3dmez\u0151v\u00e1s\u00e1rhelyi \u00c9gb\u0151lpottyant Evang\u00e9likus \u00d3voda -Tulip\u00e1nos Gyermekek\u00e9rt Alap\u00edtv\u00e1ny, Sz\u00e9kesfeh\u00e9rv\u00e1r -R\u00e1baszentandr\u00e1s K\u00f6zs\u00e9g \u00d6nkorm\u00e1nyzata -Dalmand ZRT. -Bakonytam\u00e1si K\u00f6zs\u00e9g \u00d6nkorm\u00e1nyzata -Zalaegerszeg, Landorhegyi Id\u0151sek Klubja -Szoci\u00e1lis Klub, Zalaegerszeg -Borzav\u00e1r K\u00f6zs\u00e9g \u00d6nkorm\u00e1nyzata -T\u00f3f\u0171 K\u00f6zs\u00e9g park -Cir\u00f3ka B\u00f6lcs\u0151de, P\u00e1szt\u00f3 -SOS Gyermekfalu Ororsh\u00e1za (5 db pavilon) -Gy\u0151r, Szent Anna Id\u0151sek Otthona -EEszi Ap\u00e1ca utcai Id\u0151sek Otthona -Otthon utcai Id\u0151sek Otthona, Gy\u0151r -Tiszamogyor\u00f3si Par\u00f3kia -M\u00e1ltai Szeretetszolg\u00e1lat Gy\u0151r -Patalom \u00f6nkorm\u00e1nyzat -Kispesti K\u00f3s K\u00e1roly \u00c1ltal\u00e1nos Iskola -TEK, Debrecen -TEK, Budapest, Labanc utca&nbsp;&nbsp;&nbsp;&nbsp;&nbsp;&nbsp; -NBH Budapest -Magyarat\u00e1d \u00f6nkorm -Kisk\u0151r\u00f6s, S\u00e1rk\u00e1ny J\u00f3zsef utcai id\u0151sek otthona -Somogyj\u00e1d \u00f6nkorm -Hidasn\u00e9meti, \u00c1ltal\u00e1nos Iskola -\u201eK\u00e9kvir\u00e1gos\u201d Ovis Gyermekek\u00e9rt Alap\u00edtv\u00e1ny Budapest -Kimle, \u00d6nkorm\u00e1nyzat -TI Automotive,Gy\u0151r -M\u00f3r, Katolikus Iskola -Asz\u00f3di Evang\u00e9likus Pet\u0151fi Gimn\u00e1zium -Csib\u00e9sz Csal\u00e1d- \u00e9s Gyermekj\u00f3l\u00e9ti K\u00f6zpont,Budapest -U-Flotta Kft. 2330. Dunaharaszti -Tatab\u00e1nyai Egyes\u00edtett B\u00f6lcs\u0151d\u00e9k Partnereink Publik\u00e1ci\u00f3k Views: 50","og_url":"https:\/\/www.pavilonok.eu\/?page_id=27","og_site_name":"Kerti Pavilonok","article_modified_time":"2024-04-25T11:42:07+00:00","og_image":[{"url":"https:\/\/www.pavilonok.eu\/wp-content\/uploads\/2024\/03\/refkepek.jpg","type":"","width":"","height":""}],"twitter_card":"summary_large_image","twitter_misc":{"Becs\u00fclt olvas\u00e1si id\u0151":"3 perc"},"schema":{"@context":"https:\/\/schema.org","@graph":[{"@type":"WebPage","@id":"https:\/\/www.pavilonok.eu\/?page_id=27","url":"https:\/\/www.pavilonok.eu\/?page_id=27","name":"Referenci\u00e1k - Kerti Pavilonok","isPartOf":{"@id":"https:\/\/www.pavilonok.eu\/#website"},"primaryImageOfPage":{"@id":"https:\/\/www.pavilonok.eu\/?page_id=27#primaryimage"},"image":{"@id":"https:\/\/www.pavilonok.eu\/?page_id=27#primaryimage"},"thumbnailUrl":"https:\/\/www.pavilonok.eu\/wp-content\/uploads\/2024\/03\/refkepek.jpg","datePublished":"2024-01-15T14:34:07+00:00","dateModified":"2024-04-25T11:42:07+00:00","breadcrumb":{"@id":"https:\/\/www.pavilonok.eu\/?page_id=27#breadcrumb"},"inLanguage":"hu","potentialAction":[{"@type":"ReadAction","target":["https:\/\/www.pavilonok.eu\/?page_id=27"]}]},{"@type":"ImageObject","inLanguage":"hu","@id":"https:\/\/www.pavilonok.eu\/?page_id=27#primaryimage","url":"https:\/\/www.pavilonok.eu\/wp-content\/uploads\/2024\/03\/refkepek.jpg","contentUrl":"https:\/\/www.pavilonok.eu\/wp-content\/uploads\/2024\/03\/refkepek.jpg","width":924,"height":808},{"@type":"BreadcrumbList","@id":"https:\/\/www.pavilonok.eu\/?page_id=27#breadcrumb","itemListElement":[{"@type":"ListItem","position":1,"name":"Kerti Pavilonok","item":"https:\/\/www.pavilonok.eu\/"},{"@type":"ListItem","position":2,"name":"Referenci\u00e1k"}]},{"@type":"WebSite","@id":"https:\/\/www.pavilonok.eu\/#website","url":"https:\/\/www.pavilonok.eu\/","name":"Kerti Pavilonok","description":"","potentialAction":[{"@type":"SearchAction","target":{"@type":"EntryPoint","urlTemplate":"https:\/\/www.pavilonok.eu\/?s={search_term_string}"},"query-input":{"@type":"PropertyValueSpecification","valueRequired":true,"valueName":"search_term_string"}}],"inLanguage":"hu"}]}},"_links":{"self":[{"href":"https:\/\/www.pavilonok.eu\/index.php?rest_route=\/wp\/v2\/pages\/27","targetHints":{"allow":["GET"]}}],"collection":[{"href":"https:\/\/www.pavilonok.eu\/index.php?rest_route=\/wp\/v2\/pages"}],"about":[{"href":"https:\/\/www.pavilonok.eu\/index.php?rest_route=\/wp\/v2\/types\/page"}],"author":[{"embeddable":true,"href":"https:\/\/www.pavilonok.eu\/index.php?rest_route=\/wp\/v2\/users\/1"}],"replies":[{"embeddable":true,"href":"https:\/\/www.pavilonok.eu\/index.php?rest_route=%2Fwp%2Fv2%2Fcomments&post=27"}],"version-history":[{"count":6,"href":"https:\/\/www.pavilonok.eu\/index.php?rest_route=\/wp\/v2\/pages\/27\/revisions"}],"predecessor-version":[{"id":1442,"href":"https:\/\/www.pavilonok.eu\/index.php?rest_route=\/wp\/v2\/pages\/27\/revisions\/1442"}],"wp:attachment":[{"href":"https:\/\/www.pavilonok.eu\/index.php?rest_route=%2Fwp%2Fv2%2Fmedia&parent=27"}],"curies":[{"name":"wp","href":"https:\/\/api.w.org\/{rel}","templated":true}]}}