{"id":5,"date":"2024-01-15T12:34:07","date_gmt":"2024-01-15T12:34:07","guid":{"rendered":"https:\/\/www.pavilonok.eu\/?page_id=5"},"modified":"2024-03-13T19:09:18","modified_gmt":"2024-03-13T18:09:18","slug":"fooldal","status":"publish","type":"page","link":"https:\/\/www.pavilonok.eu\/","title":{"rendered":"R\u00f3lunk"},"content":{"rendered":"\n<p class=\"has-text-align-center\"><\/p>\n\n\n\n<div class=\"wp-block-group\"><div class=\"wp-block-group__inner-container is-layout-constrained wp-block-group-is-layout-constrained\">\n<p class=\"has-text-align-center\" style=\"font-size:20px\">T\u00f6bb mint 20 \u00e9ve foglalkozunk a megrendel\u0151ink egyedi ig\u00e9nyei szerinti kerti fa\u00e9p\u00fcletek k\u00e9sz\u00edt\u00e9s\u00e9vel,<br>legyen az kerti pavilon, szaletli, filag\u00f3ria,<br>g\u00e9pkocsi-be\u00e1ll\u00f3, gar\u00e1zs, fah\u00e1z, pergola, szersz\u00e1mt\u00e1rol\u00f3,<br>el\u0151tet\u0151, ut\u00f3lagos teraszfed\u00e9s,vagy b\u00e1rmi m\u00e1s.<\/p>\n\n\n\n<p class=\"has-text-align-center\" style=\"font-size:20px\">Keressen minket bizalommal !<br>Munk\u00e1inkr\u00f3l rengeteg k\u00e9pet tal\u00e1l k\u00e9pt\u00e1runkban.<\/p>\n<\/div><\/div>\n\n\n<div class=\"wp-block-image is-style-rounded\">\n<figure class=\"aligncenter size-full is-resized\"><img loading=\"lazy\" decoding=\"async\" width=\"459\" height=\"443\" src=\"https:\/\/www.pavilonok.eu\/wp-content\/uploads\/2024\/03\/light_wood_background_hd_wooden1qq.jpg\" alt=\"www.pavilonok.eu\" class=\"wp-image-1411\" style=\"width:117px;height:auto\" srcset=\"https:\/\/www.pavilonok.eu\/wp-content\/uploads\/2024\/03\/light_wood_background_hd_wooden1qq.jpg 459w, https:\/\/www.pavilonok.eu\/wp-content\/uploads\/2024\/03\/light_wood_background_hd_wooden1qq-300x290.jpg 300w\" sizes=\"auto, (max-width: 459px) 100vw, 459px\" \/><\/figure><\/div><p>Views: 709<\/p>","protected":false},"excerpt":{"rendered":"<p>T\u00f6bb mint 20 \u00e9ve foglalkozunk a megrendel\u0151ink egyedi ig\u00e9nyei szerinti kerti fa\u00e9p\u00fcletek k\u00e9sz\u00edt\u00e9s\u00e9vel,legyen az kerti pavilon, szaletli, filag\u00f3ria,g\u00e9pkocsi-be\u00e1ll\u00f3, gar\u00e1zs, fah\u00e1z, pergola, szersz\u00e1mt\u00e1rol\u00f3,el\u0151tet\u0151, ut\u00f3lagos teraszfed\u00e9s,vagy b\u00e1rmi m\u00e1s. Keressen minket bizalommal !Munk\u00e1inkr\u00f3l rengeteg k\u00e9pet tal\u00e1l k\u00e9pt\u00e1runkban. Views: 709<\/p>\n","protected":false},"author":1,"featured_media":0,"parent":0,"menu_order":0,"comment_status":"closed","ping_status":"closed","template":"","meta":{"_monsterinsights_skip_tracking":false,"_monsterinsights_sitenote_active":false,"_monsterinsights_sitenote_note":"","_monsterinsights_sitenote_category":0,"_uf_show_specific_survey":0,"_uf_disable_surveys":false,"footnotes":""},"class_list":["post-5","page","type-page","status-publish","hentry"],"yoast_head":"<!-- This site is optimized with the Yoast SEO plugin v26.4 - https:\/\/yoast.com\/wordpress\/plugins\/seo\/ -->\n<title>R\u00f3lunk - Kerti Pavilonok<\/title>\n<meta name=\"robots\" content=\"index, follow, max-snippet:-1, max-image-preview:large, max-video-preview:-1\" \/>\n<link rel=\"canonical\" href=\"https:\/\/www.pavilonok.eu\/\" \/>\n<meta property=\"og:locale\" content=\"hu_HU\" \/>\n<meta property=\"og:type\" content=\"article\" \/>\n<meta property=\"og:title\" content=\"R\u00f3lunk - Kerti Pavilonok\" \/>\n<meta property=\"og:description\" content=\"T\u00f6bb mint 20 \u00e9ve foglalkozunk a megrendel\u0151ink egyedi ig\u00e9nyei szerinti kerti fa\u00e9p\u00fcletek k\u00e9sz\u00edt\u00e9s\u00e9vel,legyen az kerti pavilon, szaletli, filag\u00f3ria,g\u00e9pkocsi-be\u00e1ll\u00f3, gar\u00e1zs, fah\u00e1z, pergola, szersz\u00e1mt\u00e1rol\u00f3,el\u0151tet\u0151, ut\u00f3lagos teraszfed\u00e9s,vagy b\u00e1rmi m\u00e1s. Keressen minket bizalommal !Munk\u00e1inkr\u00f3l rengeteg k\u00e9pet tal\u00e1l k\u00e9pt\u00e1runkban. Views: 709\" \/>\n<meta property=\"og:url\" content=\"https:\/\/www.pavilonok.eu\/\" \/>\n<meta property=\"og:site_name\" content=\"Kerti Pavilonok\" \/>\n<meta property=\"article:modified_time\" content=\"2024-03-13T18:09:18+00:00\" \/>\n<meta property=\"og:image\" content=\"https:\/\/www.pavilonok.eu\/wp-content\/uploads\/2024\/03\/light_wood_background_hd_wooden1qq.jpg\" \/>\n<meta name=\"twitter:card\" content=\"summary_large_image\" \/>\n<meta name=\"twitter:label1\" content=\"Becs\u00fclt olvas\u00e1si id\u0151\" \/>\n\t<meta name=\"twitter:data1\" content=\"1 perc\" \/>\n<script type=\"application\/ld+json\" class=\"yoast-schema-graph\">{\"@context\":\"https:\/\/schema.org\",\"@graph\":[{\"@type\":\"WebPage\",\"@id\":\"https:\/\/www.pavilonok.eu\/\",\"url\":\"https:\/\/www.pavilonok.eu\/\",\"name\":\"R\u00f3lunk - Kerti Pavilonok\",\"isPartOf\":{\"@id\":\"https:\/\/www.pavilonok.eu\/#website\"},\"primaryImageOfPage\":{\"@id\":\"https:\/\/www.pavilonok.eu\/#primaryimage\"},\"image\":{\"@id\":\"https:\/\/www.pavilonok.eu\/#primaryimage\"},\"thumbnailUrl\":\"https:\/\/www.pavilonok.eu\/wp-content\/uploads\/2024\/03\/light_wood_background_hd_wooden1qq.jpg\",\"datePublished\":\"2024-01-15T12:34:07+00:00\",\"dateModified\":\"2024-03-13T18:09:18+00:00\",\"breadcrumb\":{\"@id\":\"https:\/\/www.pavilonok.eu\/#breadcrumb\"},\"inLanguage\":\"hu\",\"potentialAction\":[{\"@type\":\"ReadAction\",\"target\":[\"https:\/\/www.pavilonok.eu\/\"]}]},{\"@type\":\"ImageObject\",\"inLanguage\":\"hu\",\"@id\":\"https:\/\/www.pavilonok.eu\/#primaryimage\",\"url\":\"https:\/\/www.pavilonok.eu\/wp-content\/uploads\/2024\/03\/light_wood_background_hd_wooden1qq.jpg\",\"contentUrl\":\"https:\/\/www.pavilonok.eu\/wp-content\/uploads\/2024\/03\/light_wood_background_hd_wooden1qq.jpg\",\"width\":459,\"height\":443,\"caption\":\"www.pavilonok.eu\"},{\"@type\":\"BreadcrumbList\",\"@id\":\"https:\/\/www.pavilonok.eu\/#breadcrumb\",\"itemListElement\":[{\"@type\":\"ListItem\",\"position\":1,\"name\":\"Kerti Pavilonok\",\"item\":\"https:\/\/www.pavilonok.eu\/\"},{\"@type\":\"ListItem\",\"position\":2,\"name\":\"R\u00f3lunk\"}]},{\"@type\":\"WebSite\",\"@id\":\"https:\/\/www.pavilonok.eu\/#website\",\"url\":\"https:\/\/www.pavilonok.eu\/\",\"name\":\"Kerti Pavilonok\",\"description\":\"\",\"potentialAction\":[{\"@type\":\"SearchAction\",\"target\":{\"@type\":\"EntryPoint\",\"urlTemplate\":\"https:\/\/www.pavilonok.eu\/?s={search_term_string}\"},\"query-input\":{\"@type\":\"PropertyValueSpecification\",\"valueRequired\":true,\"valueName\":\"search_term_string\"}}],\"inLanguage\":\"hu\"}]}<\/script>\n<!-- \/ Yoast SEO plugin. -->","yoast_head_json":{"title":"R\u00f3lunk - Kerti Pavilonok","robots":{"index":"index","follow":"follow","max-snippet":"max-snippet:-1","max-image-preview":"max-image-preview:large","max-video-preview":"max-video-preview:-1"},"canonical":"https:\/\/www.pavilonok.eu\/","og_locale":"hu_HU","og_type":"article","og_title":"R\u00f3lunk - Kerti Pavilonok","og_description":"T\u00f6bb mint 20 \u00e9ve foglalkozunk a megrendel\u0151ink egyedi ig\u00e9nyei szerinti kerti fa\u00e9p\u00fcletek k\u00e9sz\u00edt\u00e9s\u00e9vel,legyen az kerti pavilon, szaletli, filag\u00f3ria,g\u00e9pkocsi-be\u00e1ll\u00f3, gar\u00e1zs, fah\u00e1z, pergola, szersz\u00e1mt\u00e1rol\u00f3,el\u0151tet\u0151, ut\u00f3lagos teraszfed\u00e9s,vagy b\u00e1rmi m\u00e1s. Keressen minket bizalommal !Munk\u00e1inkr\u00f3l rengeteg k\u00e9pet tal\u00e1l k\u00e9pt\u00e1runkban. Views: 709","og_url":"https:\/\/www.pavilonok.eu\/","og_site_name":"Kerti Pavilonok","article_modified_time":"2024-03-13T18:09:18+00:00","og_image":[{"url":"https:\/\/www.pavilonok.eu\/wp-content\/uploads\/2024\/03\/light_wood_background_hd_wooden1qq.jpg","type":"","width":"","height":""}],"twitter_card":"summary_large_image","twitter_misc":{"Becs\u00fclt olvas\u00e1si id\u0151":"1 perc"},"schema":{"@context":"https:\/\/schema.org","@graph":[{"@type":"WebPage","@id":"https:\/\/www.pavilonok.eu\/","url":"https:\/\/www.pavilonok.eu\/","name":"R\u00f3lunk - Kerti Pavilonok","isPartOf":{"@id":"https:\/\/www.pavilonok.eu\/#website"},"primaryImageOfPage":{"@id":"https:\/\/www.pavilonok.eu\/#primaryimage"},"image":{"@id":"https:\/\/www.pavilonok.eu\/#primaryimage"},"thumbnailUrl":"https:\/\/www.pavilonok.eu\/wp-content\/uploads\/2024\/03\/light_wood_background_hd_wooden1qq.jpg","datePublished":"2024-01-15T12:34:07+00:00","dateModified":"2024-03-13T18:09:18+00:00","breadcrumb":{"@id":"https:\/\/www.pavilonok.eu\/#breadcrumb"},"inLanguage":"hu","potentialAction":[{"@type":"ReadAction","target":["https:\/\/www.pavilonok.eu\/"]}]},{"@type":"ImageObject","inLanguage":"hu","@id":"https:\/\/www.pavilonok.eu\/#primaryimage","url":"https:\/\/www.pavilonok.eu\/wp-content\/uploads\/2024\/03\/light_wood_background_hd_wooden1qq.jpg","contentUrl":"https:\/\/www.pavilonok.eu\/wp-content\/uploads\/2024\/03\/light_wood_background_hd_wooden1qq.jpg","width":459,"height":443,"caption":"www.pavilonok.eu"},{"@type":"BreadcrumbList","@id":"https:\/\/www.pavilonok.eu\/#breadcrumb","itemListElement":[{"@type":"ListItem","position":1,"name":"Kerti Pavilonok","item":"https:\/\/www.pavilonok.eu\/"},{"@type":"ListItem","position":2,"name":"R\u00f3lunk"}]},{"@type":"WebSite","@id":"https:\/\/www.pavilonok.eu\/#website","url":"https:\/\/www.pavilonok.eu\/","name":"Kerti Pavilonok","description":"","potentialAction":[{"@type":"SearchAction","target":{"@type":"EntryPoint","urlTemplate":"https:\/\/www.pavilonok.eu\/?s={search_term_string}"},"query-input":{"@type":"PropertyValueSpecification","valueRequired":true,"valueName":"search_term_string"}}],"inLanguage":"hu"}]}},"_links":{"self":[{"href":"https:\/\/www.pavilonok.eu\/index.php?rest_route=\/wp\/v2\/pages\/5","targetHints":{"allow":["GET"]}}],"collection":[{"href":"https:\/\/www.pavilonok.eu\/index.php?rest_route=\/wp\/v2\/pages"}],"about":[{"href":"https:\/\/www.pavilonok.eu\/index.php?rest_route=\/wp\/v2\/types\/page"}],"author":[{"embeddable":true,"href":"https:\/\/www.pavilonok.eu\/index.php?rest_route=\/wp\/v2\/users\/1"}],"replies":[{"embeddable":true,"href":"https:\/\/www.pavilonok.eu\/index.php?rest_route=%2Fwp%2Fv2%2Fcomments&post=5"}],"version-history":[{"count":6,"href":"https:\/\/www.pavilonok.eu\/index.php?rest_route=\/wp\/v2\/pages\/5\/revisions"}],"predecessor-version":[{"id":1418,"href":"https:\/\/www.pavilonok.eu\/index.php?rest_route=\/wp\/v2\/pages\/5\/revisions\/1418"}],"wp:attachment":[{"href":"https:\/\/www.pavilonok.eu\/index.php?rest_route=%2Fwp%2Fv2%2Fmedia&parent=5"}],"curies":[{"name":"wp","href":"https:\/\/api.w.org\/{rel}","templated":true}]}}